{"id":7,"date":"2025-09-16T16:24:45","date_gmt":"2025-09-16T16:24:45","guid":{"rendered":"https:\/\/parenzana.eu\/?page_id=7"},"modified":"2026-03-20T14:30:26","modified_gmt":"2026-03-20T15:30:26","slug":"parenzana-immobiliare","status":"publish","type":"page","link":"http:\/\/parenzana.eu\/","title":{"rendered":"Parenzana immobiliare"},"content":{"rendered":"\t\t<div data-elementor-type=\"wp-post\" data-elementor-id=\"7\" class=\"elementor elementor-7\">\n\t\t\t\t<div class=\"elementor-element elementor-element-9feb2c7 e-flex e-con-boxed e-con e-parent\" data-id=\"9feb2c7\" data-element_type=\"container\">\n\t\t\t\t\t<div class=\"e-con-inner\">\n\t\t<div class=\"elementor-element elementor-element-f61b293 e-con-full e-flex e-con e-child\" data-id=\"f61b293\" data-element_type=\"container\">\n\t\t\t\t<div class=\"elementor-element elementor-element-1dd2890 elementor-widget elementor-widget-image\" data-id=\"1dd2890\" data-element_type=\"widget\" data-widget_type=\"image.default\">\n\t\t\t\t\t\t\t\t\t\t\t\t\t\t\t\t<a href=\"http:\/\/parenzana.eu\">\n\t\t\t\t\t\t\t<img decoding=\"async\" width=\"300\" height=\"131\" src=\"http:\/\/parenzana.eu\/wp-content\/uploads\/2025\/09\/parenzana-logo-IT-1-300x131.jpg\" class=\"attachment-medium size-medium wp-image-66\" alt=\"Parenzana immobiliare\" srcset=\"http:\/\/parenzana.eu\/wp-content\/uploads\/2025\/09\/parenzana-logo-IT-1-300x131.jpg 300w, http:\/\/parenzana.eu\/wp-content\/uploads\/2025\/09\/parenzana-logo-IT-1-1024x447.jpg 1024w, http:\/\/parenzana.eu\/wp-content\/uploads\/2025\/09\/parenzana-logo-IT-1-768x336.jpg 768w, http:\/\/parenzana.eu\/wp-content\/uploads\/2025\/09\/parenzana-logo-IT-1-1536x671.jpg 1536w, http:\/\/parenzana.eu\/wp-content\/uploads\/2025\/09\/parenzana-logo-IT-1.jpg 1547w\" sizes=\"(max-width: 300px) 100vw, 300px\" \/>\t\t\t\t\t\t\t\t<\/a>\n\t\t\t\t\t\t\t\t\t\t\t\t\t\t\t<\/div>\n\t\t\t\t<\/div>\n\t\t<div class=\"elementor-element elementor-element-f919e12 e-con-full e-flex e-con e-child\" data-id=\"f919e12\" data-element_type=\"container\">\n\t\t\t\t<div class=\"elementor-element elementor-element-5242ef8 elementor-widget elementor-widget-heading\" data-id=\"5242ef8\" data-element_type=\"widget\" data-widget_type=\"heading.default\">\n\t\t\t\t\t<h1 class=\"elementor-heading-title elementor-size-default\"><a href=\"http:\/\/parenzana.eu\">La tua agenzia immobiliare internazionale a Trieste<\/a><\/h1>\t\t\t\t<\/div>\n\t\t\t\t<\/div>\n\t\t\t\t\t<\/div>\n\t\t\t\t<\/div>\n\t\t<div class=\"elementor-element elementor-element-7600e02 e-flex e-con-boxed e-con e-parent\" data-id=\"7600e02\" data-element_type=\"container\">\n\t\t\t\t\t<div class=\"e-con-inner\">\n\t\t\t\t<div class=\"elementor-element elementor-element-187eaee elementor-widget elementor-widget-text-editor\" data-id=\"187eaee\" data-element_type=\"widget\" data-widget_type=\"text-editor.default\">\n\t\t\t\t\t\t\t\t\t<h3 data-start=\"246\" data-end=\"300\">Esperienza e professionalit\u00e0 tra Italia e Slovenia<\/h3><p data-start=\"301\" data-end=\"539\">Siamo un\u2019agenzia immobiliare con agenti immobiliari con licenza sia in <strong data-start=\"349\" data-end=\"375\">Italia che in Slovenia<\/strong>, una combinazione unica che ci permette di offrire ai proprietari di Trieste un accesso privilegiato a mercati internazionali e opportunit\u00e0 di vendita vantaggiose.<\/p>\t\t\t\t\t\t\t\t<\/div>\n\t\t\t\t\t<\/div>\n\t\t\t\t<\/div>\n\t\t<div class=\"elementor-element elementor-element-02546b6 e-flex e-con-boxed e-con e-parent\" data-id=\"02546b6\" data-element_type=\"container\">\n\t\t\t\t\t<div class=\"e-con-inner\">\n\t\t\t\t<div class=\"elementor-element elementor-element-6b05f17 elementor-widget elementor-widget-button\" data-id=\"6b05f17\" data-element_type=\"widget\" data-widget_type=\"button.default\">\n\t\t\t\t\t\t\t\t\t\t<a class=\"elementor-button elementor-button-link elementor-size-sm\" href=\"https:\/\/parenzana.eu\/index.php\/richiesta-consulto\/\">\n\t\t\t\t\t\t<span class=\"elementor-button-content-wrapper\">\n\t\t\t\t\t\t\t\t\t<span class=\"elementor-button-text\">richiedi una consulenza gratuita<\/span>\n\t\t\t\t\t<\/span>\n\t\t\t\t\t<\/a>\n\t\t\t\t\t\t\t\t<\/div>\n\t\t\t\t\t<\/div>\n\t\t\t\t<\/div>\n\t\t<div class=\"elementor-element elementor-element-62247e1 e-flex e-con-boxed e-con e-parent\" data-id=\"62247e1\" data-element_type=\"container\">\n\t\t\t\t\t<div class=\"e-con-inner\">\n\t\t\t\t<div class=\"elementor-element elementor-element-e58eb78 elementor-widget elementor-widget-heading\" data-id=\"e58eb78\" data-element_type=\"widget\" data-widget_type=\"heading.default\">\n\t\t\t\t\t<h2 class=\"elementor-heading-title elementor-size-default\">Perch\u00e9 scegliere noi?<\/h2>\t\t\t\t<\/div>\n\t\t\t\t\t<\/div>\n\t\t\t\t<\/div>\n\t\t<div class=\"elementor-element elementor-element-d3d3fc3 e-flex e-con-boxed e-con e-parent\" data-id=\"d3d3fc3\" data-element_type=\"container\">\n\t\t\t\t\t<div class=\"e-con-inner\">\n\t\t<div class=\"elementor-element elementor-element-2010992 e-con-full e-flex e-con e-child\" data-id=\"2010992\" data-element_type=\"container\">\n\t\t\t\t<div class=\"elementor-element elementor-element-bcdbadc elementor-view-framed elementor-shape-rounded elementor-position-block-start elementor-mobile-position-block-start elementor-widget elementor-widget-icon-box\" data-id=\"bcdbadc\" data-element_type=\"widget\" data-widget_type=\"icon-box.default\">\n\t\t\t\t\t\t\t<div class=\"elementor-icon-box-wrapper\">\n\n\t\t\t\t\t\t<div class=\"elementor-icon-box-icon\">\n\t\t\t\t<span  class=\"elementor-icon\">\n\t\t\t\t<svg aria-hidden=\"true\" class=\"e-font-icon-svg e-fas-key\" viewBox=\"0 0 512 512\" xmlns=\"http:\/\/www.w3.org\/2000\/svg\"><path d=\"M512 176.001C512 273.203 433.202 352 336 352c-11.22 0-22.19-1.062-32.827-3.069l-24.012 27.014A23.999 23.999 0 0 1 261.223 384H224v40c0 13.255-10.745 24-24 24h-40v40c0 13.255-10.745 24-24 24H24c-13.255 0-24-10.745-24-24v-78.059c0-6.365 2.529-12.47 7.029-16.971l161.802-161.802C163.108 213.814 160 195.271 160 176 160 78.798 238.797.001 335.999 0 433.488-.001 512 78.511 512 176.001zM336 128c0 26.51 21.49 48 48 48s48-21.49 48-48-21.49-48-48-48-48 21.49-48 48z\"><\/path><\/svg>\t\t\t\t<\/span>\n\t\t\t<\/div>\n\t\t\t\n\t\t\t\t\t\t<div class=\"elementor-icon-box-content\">\n\n\t\t\t\t\t\t\t\t\t<h3 class=\"elementor-icon-box-title\">\n\t\t\t\t\t\t<span  >\n\t\t\t\t\t\t\tNessun vincolo di esclusiva\t\t\t\t\t\t<\/span>\n\t\t\t\t\t<\/h3>\n\t\t\t\t\n\t\t\t\t\t\t\t\t\t<p class=\"elementor-icon-box-description\">\n\t\t\t\t\t\tAffidaci il tuo immobile senza obblighi vincolanti.\nLa tua libert\u00e0 di scelta \u00e8 importante: il nostro obiettivo \u00e8 vendere il tuo immobile al miglior prezzo possibile, senza limitazioni.\t\t\t\t\t<\/p>\n\t\t\t\t\n\t\t\t<\/div>\n\t\t\t\n\t\t<\/div>\n\t\t\t\t\t\t<\/div>\n\t\t\t\t<\/div>\n\t\t<div class=\"elementor-element elementor-element-ad60c2b e-con-full e-flex e-con e-child\" data-id=\"ad60c2b\" data-element_type=\"container\">\n\t\t\t\t<div class=\"elementor-element elementor-element-954eb8b elementor-view-framed elementor-shape-rounded elementor-position-block-start elementor-mobile-position-block-start elementor-widget elementor-widget-icon-box\" data-id=\"954eb8b\" data-element_type=\"widget\" data-widget_type=\"icon-box.default\">\n\t\t\t\t\t\t\t<div class=\"elementor-icon-box-wrapper\">\n\n\t\t\t\t\t\t<div class=\"elementor-icon-box-icon\">\n\t\t\t\t<span  class=\"elementor-icon\">\n\t\t\t\t<svg aria-hidden=\"true\" class=\"e-font-icon-svg e-fas-globe\" viewBox=\"0 0 496 512\" xmlns=\"http:\/\/www.w3.org\/2000\/svg\"><path d=\"M336.5 160C322 70.7 287.8 8 248 8s-74 62.7-88.5 152h177zM152 256c0 22.2 1.2 43.5 3.3 64h185.3c2.1-20.5 3.3-41.8 3.3-64s-1.2-43.5-3.3-64H155.3c-2.1 20.5-3.3 41.8-3.3 64zm324.7-96c-28.6-67.9-86.5-120.4-158-141.6 24.4 33.8 41.2 84.7 50 141.6h108zM177.2 18.4C105.8 39.6 47.8 92.1 19.3 160h108c8.7-56.9 25.5-107.8 49.9-141.6zM487.4 192H372.7c2.1 21 3.3 42.5 3.3 64s-1.2 43-3.3 64h114.6c5.5-20.5 8.6-41.8 8.6-64s-3.1-43.5-8.5-64zM120 256c0-21.5 1.2-43 3.3-64H8.6C3.2 212.5 0 233.8 0 256s3.2 43.5 8.6 64h114.6c-2-21-3.2-42.5-3.2-64zm39.5 96c14.5 89.3 48.7 152 88.5 152s74-62.7 88.5-152h-177zm159.3 141.6c71.4-21.2 129.4-73.7 158-141.6h-108c-8.8 56.9-25.6 107.8-50 141.6zM19.3 352c28.6 67.9 86.5 120.4 158 141.6-24.4-33.8-41.2-84.7-50-141.6h-108z\"><\/path><\/svg>\t\t\t\t<\/span>\n\t\t\t<\/div>\n\t\t\t\n\t\t\t\t\t\t<div class=\"elementor-icon-box-content\">\n\n\t\t\t\t\t\t\t\t\t<h3 class=\"elementor-icon-box-title\">\n\t\t\t\t\t\t<span  >\n\t\t\t\t\t\t\tAccesso a compratori stranieri\t\t\t\t\t\t<\/span>\n\t\t\t\t\t<\/h3>\n\t\t\t\t\n\t\t\t\t\t\t\t\t\t<p class=\"elementor-icon-box-description\">\n\t\t\t\t\t\tPromuoviamo le propriet\u00e0 a clienti sloveni, croati, serbi, ungheresi e austriaci, dove i prezzi delle case sono pi\u00f9 alti rispetto a Trieste. Questo significa che il tuo immobile pu\u00f2 ottenere un valore maggiore sul mercato internazionale.\n\n\n\t\t\t\t\t<\/p>\n\t\t\t\t\n\t\t\t<\/div>\n\t\t\t\n\t\t<\/div>\n\t\t\t\t\t\t<\/div>\n\t\t\t\t<\/div>\n\t\t<div class=\"elementor-element elementor-element-9537263 e-con-full e-flex e-con e-child\" data-id=\"9537263\" data-element_type=\"container\">\n\t\t\t\t<div class=\"elementor-element elementor-element-e68b3d8 elementor-view-framed elementor-shape-rounded elementor-position-block-start elementor-mobile-position-block-start elementor-widget elementor-widget-icon-box\" data-id=\"e68b3d8\" data-element_type=\"widget\" data-widget_type=\"icon-box.default\">\n\t\t\t\t\t\t\t<div class=\"elementor-icon-box-wrapper\">\n\n\t\t\t\t\t\t<div class=\"elementor-icon-box-icon\">\n\t\t\t\t<span  class=\"elementor-icon\">\n\t\t\t\t<svg aria-hidden=\"true\" class=\"e-font-icon-svg e-fas-user-tie\" viewBox=\"0 0 448 512\" xmlns=\"http:\/\/www.w3.org\/2000\/svg\"><path d=\"M224 256c70.7 0 128-57.3 128-128S294.7 0 224 0 96 57.3 96 128s57.3 128 128 128zm95.8 32.6L272 480l-32-136 32-56h-96l32 56-32 136-47.8-191.4C56.9 292 0 350.3 0 422.4V464c0 26.5 21.5 48 48 48h352c26.5 0 48-21.5 48-48v-41.6c0-72.1-56.9-130.4-128.2-133.8z\"><\/path><\/svg>\t\t\t\t<\/span>\n\t\t\t<\/div>\n\t\t\t\n\t\t\t\t\t\t<div class=\"elementor-icon-box-content\">\n\n\t\t\t\t\t\t\t\t\t<h3 class=\"elementor-icon-box-title\">\n\t\t\t\t\t\t<span  >\n\t\t\t\t\t\t\tEsperienza transfrontaliera\t\t\t\t\t\t<\/span>\n\t\t\t\t\t<\/h3>\n\t\t\t\t\n\t\t\t\t\t\t\t\t\t<p class=\"elementor-icon-box-description\">\n\t\t\t\t\t\tAvendo agenti immobiliari con licenza sia in Italia che in Slovenia conosciamo le procedure italiane e internazionali, guidandoti fino al rogito.\t\t\t\t\t<\/p>\n\t\t\t\t\n\t\t\t<\/div>\n\t\t\t\n\t\t<\/div>\n\t\t\t\t\t\t<\/div>\n\t\t\t\t<\/div>\n\t\t\t\t\t<\/div>\n\t\t\t\t<\/div>\n\t\t<div class=\"elementor-element elementor-element-44742f4 e-flex e-con-boxed e-con e-parent\" data-id=\"44742f4\" data-element_type=\"container\">\n\t\t\t\t\t<div class=\"e-con-inner\">\n\t\t\t\t<div class=\"elementor-element elementor-element-68f0b06 elementor-widget elementor-widget-button\" data-id=\"68f0b06\" data-element_type=\"widget\" data-widget_type=\"button.default\">\n\t\t\t\t\t\t\t\t\t\t<a class=\"elementor-button elementor-button-link elementor-size-sm\" href=\"https:\/\/parenzana.eu\/index.php\/richiesta-consulto\/\">\n\t\t\t\t\t\t<span class=\"elementor-button-content-wrapper\">\n\t\t\t\t\t\t\t\t\t<span class=\"elementor-button-text\">richiedi una consulenza gratuita<\/span>\n\t\t\t\t\t<\/span>\n\t\t\t\t\t<\/a>\n\t\t\t\t\t\t\t\t<\/div>\n\t\t\t\t\t<\/div>\n\t\t\t\t<\/div>\n\t\t<div class=\"elementor-element elementor-element-4db3c9b e-flex e-con-boxed e-con e-parent\" data-id=\"4db3c9b\" data-element_type=\"container\">\n\t\t\t\t\t<div class=\"e-con-inner\">\n\t\t<div class=\"elementor-element elementor-element-a511f87 e-con-full e-flex e-con e-child\" data-id=\"a511f87\" data-element_type=\"container\">\n\t\t\t\t<div class=\"elementor-element elementor-element-90640e2 elementor-widget elementor-widget-image\" data-id=\"90640e2\" data-element_type=\"widget\" data-widget_type=\"image.default\">\n\t\t\t\t\t\t\t\t\t\t\t\t\t\t\t<img fetchpriority=\"high\" decoding=\"async\" width=\"800\" height=\"349\" src=\"http:\/\/parenzana.eu\/wp-content\/uploads\/2025\/09\/parenzana-logo-IT-1-1024x447.jpg\" class=\"attachment-large size-large wp-image-66\" alt=\"Parenzana immobiliare\" srcset=\"http:\/\/parenzana.eu\/wp-content\/uploads\/2025\/09\/parenzana-logo-IT-1-1024x447.jpg 1024w, http:\/\/parenzana.eu\/wp-content\/uploads\/2025\/09\/parenzana-logo-IT-1-300x131.jpg 300w, http:\/\/parenzana.eu\/wp-content\/uploads\/2025\/09\/parenzana-logo-IT-1-768x336.jpg 768w, http:\/\/parenzana.eu\/wp-content\/uploads\/2025\/09\/parenzana-logo-IT-1-1536x671.jpg 1536w, http:\/\/parenzana.eu\/wp-content\/uploads\/2025\/09\/parenzana-logo-IT-1.jpg 1547w\" sizes=\"(max-width: 800px) 100vw, 800px\" \/>\t\t\t\t\t\t\t\t\t\t\t\t\t\t\t<\/div>\n\t\t\t\t<\/div>\n\t\t<div class=\"elementor-element elementor-element-6756751 e-con-full e-flex e-con e-child\" data-id=\"6756751\" data-element_type=\"container\">\n\t\t\t\t<div class=\"elementor-element elementor-element-f442afb elementor-widget elementor-widget-text-editor\" data-id=\"f442afb\" data-element_type=\"widget\" data-widget_type=\"text-editor.default\">\n\t\t\t\t\t\t\t\t\t<h2 data-start=\"1321\" data-end=\"1340\">Il tuo vantaggio<\/h2><p data-start=\"1341\" data-end=\"1522\">Con la nostra agenzia non ti limiti al mercato locale: apri le porte a un pubblico internazionale, aumentando le possibilit\u00e0 di vendere <strong data-start=\"1477\" data-end=\"1519\">pi\u00f9 velocemente e a un prezzo migliore<\/strong>.<\/p><hr data-start=\"1524\" data-end=\"1527\" \/><h3 data-start=\"1529\" data-end=\"1558\">\ud83d\udcde Contattaci oggi stesso<\/h3><p data-start=\"1559\" data-end=\"1753\"><strong data-start=\"1559\" data-end=\"1613\">Richiedi una valutazione gratuita del tuo immobile<\/strong> e scopri quanto pu\u00f2 valere sul mercato internazionale.<br data-start=\"1668\" data-end=\"1671\" \/>Numero di telefono (cellulare\/WhatsApp): 37 55 14 37 14<br \/>e-mail: immobiliare@parenzana.eu<\/p>\t\t\t\t\t\t\t\t<\/div>\n\t\t\t\t<\/div>\n\t\t\t\t\t<\/div>\n\t\t\t\t<\/div>\n\t\t<div class=\"elementor-element elementor-element-6db76e9 e-flex e-con-boxed e-con e-parent\" data-id=\"6db76e9\" data-element_type=\"container\">\n\t\t\t\t\t<div class=\"e-con-inner\">\n\t\t<div class=\"elementor-element elementor-element-3bd5783 e-con-full e-flex e-con e-child\" data-id=\"3bd5783\" data-element_type=\"container\">\n\t\t\t\t<div class=\"elementor-element elementor-element-3789c78 elementor-widget elementor-widget-image\" data-id=\"3789c78\" data-element_type=\"widget\" data-widget_type=\"image.default\">\n\t\t\t\t\t\t\t\t\t\t\t\t\t\t\t<img decoding=\"async\" width=\"1000\" height=\"403\" src=\"http:\/\/parenzana.eu\/wp-content\/uploads\/2025\/12\/acasa.webp\" class=\"attachment-full size-full wp-image-134\" alt=\"\" srcset=\"http:\/\/parenzana.eu\/wp-content\/uploads\/2025\/12\/acasa.webp 1000w, http:\/\/parenzana.eu\/wp-content\/uploads\/2025\/12\/acasa-300x121.webp 300w, http:\/\/parenzana.eu\/wp-content\/uploads\/2025\/12\/acasa-768x310.webp 768w\" sizes=\"(max-width: 1000px) 100vw, 1000px\" \/>\t\t\t\t\t\t\t\t\t\t\t\t\t\t\t<\/div>\n\t\t\t\t<\/div>\n\t\t<div class=\"elementor-element elementor-element-5ff3ec1 e-con-full e-flex e-con e-child\" data-id=\"5ff3ec1\" data-element_type=\"container\">\n\t\t\t\t<div class=\"elementor-element elementor-element-957f2bd elementor-widget elementor-widget-text-editor\" data-id=\"957f2bd\" data-element_type=\"widget\" data-widget_type=\"text-editor.default\">\n\t\t\t\t\t\t\t\t\t<p>Parenzana immobiliare e&#8217; un marchio di ACASA GROUP g.i.z.<br \/>Visitaci nei nostri uffici a TPC Lucia, Obala 114, Portorose<\/p><p>o visita il sito <a href=\"http:\/\/acasa.si\" target=\"_blank\" rel=\"noopener\">www.acasa.si<\/a><\/p>\t\t\t\t\t\t\t\t<\/div>\n\t\t\t\t<\/div>\n\t\t\t\t\t<\/div>\n\t\t\t\t<\/div>\n\t\t\t\t<\/div>\n\t\t","protected":false},"excerpt":{"rendered":"<p>La tua agenzia immobiliare internazionale a Trieste Esperienza e professionalit\u00e0 tra Italia e Slovenia Siamo un\u2019agenzia immobiliare con agenti immobiliari con licenza sia in Italia che in Slovenia, una combinazione unica che ci permette di offrire ai proprietari di Trieste un accesso privilegiato a mercati internazionali e opportunit\u00e0 di vendita vantaggiose. richiedi una consulenza gratuita [&hellip;]<\/p>\n","protected":false},"author":1,"featured_media":66,"parent":0,"menu_order":0,"comment_status":"closed","ping_status":"closed","template":"elementor_canvas","meta":{"footnotes":""},"class_list":["post-7","page","type-page","status-publish","has-post-thumbnail","hentry"],"_links":{"self":[{"href":"http:\/\/parenzana.eu\/index.php\/wp-json\/wp\/v2\/pages\/7","targetHints":{"allow":["GET"]}}],"collection":[{"href":"http:\/\/parenzana.eu\/index.php\/wp-json\/wp\/v2\/pages"}],"about":[{"href":"http:\/\/parenzana.eu\/index.php\/wp-json\/wp\/v2\/types\/page"}],"author":[{"embeddable":true,"href":"http:\/\/parenzana.eu\/index.php\/wp-json\/wp\/v2\/users\/1"}],"replies":[{"embeddable":true,"href":"http:\/\/parenzana.eu\/index.php\/wp-json\/wp\/v2\/comments?post=7"}],"version-history":[{"count":96,"href":"http:\/\/parenzana.eu\/index.php\/wp-json\/wp\/v2\/pages\/7\/revisions"}],"predecessor-version":[{"id":143,"href":"http:\/\/parenzana.eu\/index.php\/wp-json\/wp\/v2\/pages\/7\/revisions\/143"}],"wp:featuredmedia":[{"embeddable":true,"href":"http:\/\/parenzana.eu\/index.php\/wp-json\/wp\/v2\/media\/66"}],"wp:attachment":[{"href":"http:\/\/parenzana.eu\/index.php\/wp-json\/wp\/v2\/media?parent=7"}],"curies":[{"name":"wp","href":"https:\/\/api.w.org\/{rel}","templated":true}]}}